{"id":25,"date":"2014-08-09T00:20:00","date_gmt":"2014-08-09T00:20:00","guid":{"rendered":"https:\/\/owm.ug.edu.pl\/?page_id=25"},"modified":"2025-11-19T14:01:01","modified_gmt":"2025-11-19T14:01:01","slug":"organizatorzy","status":"publish","type":"page","link":"https:\/\/owm.ug.edu.pl\/?page_id=25","title":{"rendered":"Ludzie"},"content":{"rendered":"<p><strong>Pomorski Komitet Okr\u0119gowy (Uniwersytet Gda\u0144ski) &#8211; <\/strong>organizacja I i II etapu zawod\u00f3w w wojew\u00f3dztwie pomorskim<strong><br \/>\n<\/strong><\/p>\n<ul>\n<li>dr hab. Jacek Wojs\u0142aw &#8211; przewodnicz\u0105cy<\/li>\n<li>dr Dominik Chomik &#8211; wiceprzewodnicz\u0105cy<\/li>\n<li>mgr Adriana Kanarek &#8211; sekretarz<\/li>\n<li>dr Aleksandra \u017bukowska &#8211; cz\u0142onkini<\/li>\n<li>mgr Miko\u0142aj Janiak &#8211; cz\u0142onek<\/li>\n<li>prof. zw. dr hab. Jolanta Ma\u0107kiewicz &#8211; przewodnicz\u0105ca honorowa<\/li>\n<\/ul>\n","protected":false},"excerpt":{"rendered":"<p>Pomorski Komitet Okr\u0119gowy (Uniwersytet Gda\u0144ski) &#8211; organizacja I i II etapu zawod\u00f3w w wojew\u00f3dztwie pomorskim dr hab. Jacek Wojs\u0142aw &#8211; przewodnicz\u0105cy dr Dominik Chomik &#8211; wiceprzewodnicz\u0105cy mgr Adriana Kanarek &#8211; sekretarz dr Aleksandra \u017bukowska &#8211; cz\u0142onkini mgr Miko\u0142aj Janiak &#8211; cz\u0142onek prof. zw. dr hab. Jolanta Ma\u0107kiewicz &#8211; przewodnicz\u0105ca honorowa<\/p>\n","protected":false},"author":1,"featured_media":0,"parent":0,"menu_order":0,"comment_status":"closed","ping_status":"closed","template":"","meta":{"footnotes":""},"class_list":["post-25","page","type-page","status-publish","hentry"],"_links":{"self":[{"href":"https:\/\/owm.ug.edu.pl\/index.php?rest_route=\/wp\/v2\/pages\/25","targetHints":{"allow":["GET"]}}],"collection":[{"href":"https:\/\/owm.ug.edu.pl\/index.php?rest_route=\/wp\/v2\/pages"}],"about":[{"href":"https:\/\/owm.ug.edu.pl\/index.php?rest_route=\/wp\/v2\/types\/page"}],"author":[{"embeddable":true,"href":"https:\/\/owm.ug.edu.pl\/index.php?rest_route=\/wp\/v2\/users\/1"}],"replies":[{"embeddable":true,"href":"https:\/\/owm.ug.edu.pl\/index.php?rest_route=%2Fwp%2Fv2%2Fcomments&post=25"}],"version-history":[{"count":19,"href":"https:\/\/owm.ug.edu.pl\/index.php?rest_route=\/wp\/v2\/pages\/25\/revisions"}],"predecessor-version":[{"id":1082,"href":"https:\/\/owm.ug.edu.pl\/index.php?rest_route=\/wp\/v2\/pages\/25\/revisions\/1082"}],"wp:attachment":[{"href":"https:\/\/owm.ug.edu.pl\/index.php?rest_route=%2Fwp%2Fv2%2Fmedia&parent=25"}],"curies":[{"name":"wp","href":"https:\/\/api.w.org\/{rel}","templated":true}]}}