{"id":27,"date":"2014-08-09T00:23:40","date_gmt":"2014-08-09T00:23:40","guid":{"rendered":"https:\/\/owm.ug.edu.pl\/?page_id=27"},"modified":"2025-11-19T14:17:32","modified_gmt":"2025-11-19T14:17:32","slug":"program-i-literatura","status":"publish","type":"page","link":"https:\/\/owm.ug.edu.pl\/?page_id=27","title":{"rendered":"Tematy"},"content":{"rendered":"<p><strong>Tematy na 1. etap Olimpiady:<br \/><\/strong><\/p>\n<ol>\n<li>Czy(m) media potrafi\u0105 nas jeszcze zaskoczy\u0107?<\/li>\n<li>Co po smartfonie? Przysz\u0142o\u015b\u0107 medi\u00f3w<\/li>\n<li>Sztuczna inteligencja jako wsp\u00f3\u0142autor: przysz\u0142o\u015b\u0107 dziennikarstwa czy zagro\u017cenie dla rzetelno\u015bci?<\/li>\n<li>Labubu, Wojanek \u2013 trend czy pu\u0142apka? Jak media spo\u0142eczno\u015bciowe kszta\u0142tuj\u0105 masowe mody i zachowania m\u0142odzie\u017cy.<\/li>\n<li>Algorytmiczna ba\u0144ka \u2013 czy media spo\u0142eczno\u015bciowe zamykaj\u0105 nas na w\u0142asne opinie?<\/li>\n<\/ol>\n\n\n<p><\/p>\n","protected":false},"excerpt":{"rendered":"<p>Tematy na 1. etap Olimpiady: Czy(m) media potrafi\u0105 nas jeszcze zaskoczy\u0107? Co po smartfonie? Przysz\u0142o\u015b\u0107 medi\u00f3w Sztuczna inteligencja jako wsp\u00f3\u0142autor: przysz\u0142o\u015b\u0107 dziennikarstwa czy zagro\u017cenie dla rzetelno\u015bci? Labubu, Wojanek \u2013 trend czy pu\u0142apka? Jak media spo\u0142eczno\u015bciowe kszta\u0142tuj\u0105 masowe mody i zachowania m\u0142odzie\u017cy. Algorytmiczna ba\u0144ka \u2013 czy media spo\u0142eczno\u015bciowe zamykaj\u0105 nas na w\u0142asne opinie?<\/p>\n","protected":false},"author":1,"featured_media":0,"parent":0,"menu_order":0,"comment_status":"closed","ping_status":"closed","template":"","meta":{"footnotes":""},"class_list":["post-27","page","type-page","status-publish","hentry"],"_links":{"self":[{"href":"https:\/\/owm.ug.edu.pl\/index.php?rest_route=\/wp\/v2\/pages\/27","targetHints":{"allow":["GET"]}}],"collection":[{"href":"https:\/\/owm.ug.edu.pl\/index.php?rest_route=\/wp\/v2\/pages"}],"about":[{"href":"https:\/\/owm.ug.edu.pl\/index.php?rest_route=\/wp\/v2\/types\/page"}],"author":[{"embeddable":true,"href":"https:\/\/owm.ug.edu.pl\/index.php?rest_route=\/wp\/v2\/users\/1"}],"replies":[{"embeddable":true,"href":"https:\/\/owm.ug.edu.pl\/index.php?rest_route=%2Fwp%2Fv2%2Fcomments&post=27"}],"version-history":[{"count":23,"href":"https:\/\/owm.ug.edu.pl\/index.php?rest_route=\/wp\/v2\/pages\/27\/revisions"}],"predecessor-version":[{"id":1089,"href":"https:\/\/owm.ug.edu.pl\/index.php?rest_route=\/wp\/v2\/pages\/27\/revisions\/1089"}],"wp:attachment":[{"href":"https:\/\/owm.ug.edu.pl\/index.php?rest_route=%2Fwp%2Fv2%2Fmedia&parent=27"}],"curies":[{"name":"wp","href":"https:\/\/api.w.org\/{rel}","templated":true}]}}