{"id":29,"date":"2014-08-09T00:26:28","date_gmt":"2014-08-09T00:26:28","guid":{"rendered":"https:\/\/owm.ug.edu.pl\/?page_id=29"},"modified":"2025-11-19T14:09:11","modified_gmt":"2025-11-19T14:09:11","slug":"regulamin-konkursu","status":"publish","type":"page","link":"https:\/\/owm.ug.edu.pl\/?page_id=29","title":{"rendered":"Zasady"},"content":{"rendered":"<p>Regulamin zawod\u00f3w dost\u0119pny jest na stronie g\u0142\u00f3wnego organizatora:<\/p>\n<p>owm.edu.pl<\/p>\n","protected":false},"excerpt":{"rendered":"<p>Regulamin zawod\u00f3w dost\u0119pny jest na stronie g\u0142\u00f3wnego organizatora: owm.edu.pl<\/p>\n","protected":false},"author":1,"featured_media":0,"parent":0,"menu_order":0,"comment_status":"closed","ping_status":"open","template":"","meta":{"footnotes":""},"class_list":["post-29","page","type-page","status-publish","hentry"],"_links":{"self":[{"href":"https:\/\/owm.ug.edu.pl\/index.php?rest_route=\/wp\/v2\/pages\/29","targetHints":{"allow":["GET"]}}],"collection":[{"href":"https:\/\/owm.ug.edu.pl\/index.php?rest_route=\/wp\/v2\/pages"}],"about":[{"href":"https:\/\/owm.ug.edu.pl\/index.php?rest_route=\/wp\/v2\/types\/page"}],"author":[{"embeddable":true,"href":"https:\/\/owm.ug.edu.pl\/index.php?rest_route=\/wp\/v2\/users\/1"}],"replies":[{"embeddable":true,"href":"https:\/\/owm.ug.edu.pl\/index.php?rest_route=%2Fwp%2Fv2%2Fcomments&post=29"}],"version-history":[{"count":14,"href":"https:\/\/owm.ug.edu.pl\/index.php?rest_route=\/wp\/v2\/pages\/29\/revisions"}],"predecessor-version":[{"id":1087,"href":"https:\/\/owm.ug.edu.pl\/index.php?rest_route=\/wp\/v2\/pages\/29\/revisions\/1087"}],"wp:attachment":[{"href":"https:\/\/owm.ug.edu.pl\/index.php?rest_route=%2Fwp%2Fv2%2Fmedia&parent=29"}],"curies":[{"name":"wp","href":"https:\/\/api.w.org\/{rel}","templated":true}]}}