{"id":44,"date":"2014-08-09T00:45:13","date_gmt":"2014-08-09T00:45:13","guid":{"rendered":"https:\/\/owm.ug.edu.pl\/?page_id=44"},"modified":"2025-11-19T14:27:45","modified_gmt":"2025-11-19T14:27:45","slug":"pobierz","status":"publish","type":"page","link":"https:\/\/owm.ug.edu.pl\/?page_id=44","title":{"rendered":"Kontakt"},"content":{"rendered":"<p><strong>Adres do korespondencji tradycyjnej<\/strong> (na ten adres prosimy przesy\u0142a\u0107 prace do 2. etapu):<\/p>\n<p>Olimpiada Wiedzy o Mediach<br \/>\nUniwersytet Gda\u0144ski<br \/>\nWydzia\u0142 Nauk Spo\u0142ecznych<br \/>\nInstytut Filozofii, Socjologii i Dziennikarstwa<br \/>\nul. Ba\u017cy\u0144skiego 4<br \/>\n80-309 Gda\u0144sk<\/p>\n<p><strong>Kontakt do cz\u0142onk\u00f3w Komitetu Okr\u0119gowego:<\/strong><\/p>\n<p>Sekretarz Pomorskiego Komitetu Okr\u0119gowego:<br \/>\nmgr Adriana Kanarek<br \/>\ne-mail: adriana.kalucka@phdstud.ug.edu.pl<\/p>\n<p>Wiceprzewodnicz\u0105cy Pomorskiego Komitetu Okr\u0119gowego<br \/>\ndr Dominik Chomik<br \/>\ne-mail: dominik.chomik@ug.edu.pl<\/p>\n","protected":false},"excerpt":{"rendered":"<p>Adres do korespondencji tradycyjnej (na ten adres prosimy przesy\u0142a\u0107 prace do 2. etapu): Olimpiada Wiedzy o Mediach Uniwersytet Gda\u0144ski Wydzia\u0142 Nauk Spo\u0142ecznych Instytut Filozofii, Socjologii i Dziennikarstwa ul. Ba\u017cy\u0144skiego 4 80-309 Gda\u0144sk Kontakt do cz\u0142onk\u00f3w Komitetu Okr\u0119gowego: Sekretarz Pomorskiego Komitetu Okr\u0119gowego: mgr Adriana Kanarek e-mail: adriana.kalucka@phdstud.ug.edu.pl Wiceprzewodnicz\u0105cy Pomorskiego Komitetu Okr\u0119gowego dr Dominik Chomik e-mail: dominik.chomik@ug.edu.pl<\/p>\n","protected":false},"author":1,"featured_media":0,"parent":0,"menu_order":0,"comment_status":"closed","ping_status":"open","template":"","meta":{"footnotes":""},"class_list":["post-44","page","type-page","status-publish","hentry"],"_links":{"self":[{"href":"https:\/\/owm.ug.edu.pl\/index.php?rest_route=\/wp\/v2\/pages\/44","targetHints":{"allow":["GET"]}}],"collection":[{"href":"https:\/\/owm.ug.edu.pl\/index.php?rest_route=\/wp\/v2\/pages"}],"about":[{"href":"https:\/\/owm.ug.edu.pl\/index.php?rest_route=\/wp\/v2\/types\/page"}],"author":[{"embeddable":true,"href":"https:\/\/owm.ug.edu.pl\/index.php?rest_route=\/wp\/v2\/users\/1"}],"replies":[{"embeddable":true,"href":"https:\/\/owm.ug.edu.pl\/index.php?rest_route=%2Fwp%2Fv2%2Fcomments&post=44"}],"version-history":[{"count":13,"href":"https:\/\/owm.ug.edu.pl\/index.php?rest_route=\/wp\/v2\/pages\/44\/revisions"}],"predecessor-version":[{"id":1092,"href":"https:\/\/owm.ug.edu.pl\/index.php?rest_route=\/wp\/v2\/pages\/44\/revisions\/1092"}],"wp:attachment":[{"href":"https:\/\/owm.ug.edu.pl\/index.php?rest_route=%2Fwp%2Fv2%2Fmedia&parent=44"}],"curies":[{"name":"wp","href":"https:\/\/api.w.org\/{rel}","templated":true}]}}